{"id":33,"date":"2023-11-20T20:02:29","date_gmt":"2023-11-20T19:02:29","guid":{"rendered":"https:\/\/weencoo.com\/?page_id=33"},"modified":"2024-09-18T12:21:03","modified_gmt":"2024-09-18T10:21:03","slug":"nos-produits","status":"publish","type":"page","link":"https:\/\/weencoo.com\/index.php\/nos-produits\/","title":{"rendered":"Nos produits"},"content":{"rendered":"\n<div class=\"wp-block-cover alignfull is-light\" style=\"min-height:300px;aspect-ratio:unset;\"><span aria-hidden=\"true\" class=\"wp-block-cover__background has-nv-site-bg-background-color has-background-dim-100 has-background-dim\"><\/span><div class=\"wp-block-cover__inner-container is-layout-flow wp-block-cover-is-layout-flow\">\n<div class=\"wp-block-group\"><div class=\"wp-block-group__inner-container is-layout-flow wp-block-group-is-layout-flow\">\n<h1 class=\"wp-block-heading has-text-align-left has-neve-text-color-color has-text-color\">Nos produits<\/h1>\n<\/div><\/div>\n<\/div><\/div>\n\n\n\n<div class=\"wp-block-cover alignfull is-light\" style=\"min-height:808px;aspect-ratio:unset;\"><span aria-hidden=\"true\" class=\"wp-block-cover__background has-nv-light-bg-background-color has-background-dim-100 has-background-dim\"><\/span><div class=\"wp-block-cover__inner-container is-layout-flow wp-block-cover-is-layout-flow\">\n<div class=\"wp-block-group\"><div class=\"wp-block-group__inner-container is-layout-flow wp-block-group-is-layout-flow\">\n<div class=\"wp-block-columns is-layout-flex wp-container-core-columns-is-layout-9d6595d7 wp-block-columns-is-layout-flex\">\n<div class=\"wp-block-column is-vertically-aligned-center is-layout-flow wp-block-column-is-layout-flow\" style=\"flex-basis:50%\"><div class=\"wp-block-image\">\n<figure class=\"aligncenter size-large is-resized\"><img loading=\"lazy\" decoding=\"async\" width=\"1024\" height=\"857\" src=\"https:\/\/weencoo.com\/wp-content\/uploads\/2024\/09\/61uhm2S9hmL._AC_SL1500_-1024x857.jpg\" alt=\"\" class=\"wp-image-200\" style=\"width:auto;height:300px\" srcset=\"https:\/\/weencoo.com\/wp-content\/uploads\/2024\/09\/61uhm2S9hmL._AC_SL1500_-1024x857.jpg 1024w, https:\/\/weencoo.com\/wp-content\/uploads\/2024\/09\/61uhm2S9hmL._AC_SL1500_-300x251.jpg 300w, https:\/\/weencoo.com\/wp-content\/uploads\/2024\/09\/61uhm2S9hmL._AC_SL1500_-768x643.jpg 768w, https:\/\/weencoo.com\/wp-content\/uploads\/2024\/09\/61uhm2S9hmL._AC_SL1500_.jpg 1500w\" sizes=\"auto, (max-width: 1024px) 100vw, 1024px\" \/><\/figure>\n<\/div>\n\n\n<div style=\"height:24px\" aria-hidden=\"true\" class=\"wp-block-spacer\"><\/div>\n\n\n\n<h3 class=\"wp-block-heading has-text-align-center has-neve-text-color-color has-text-color\">Batterie externe avec charge \u00e0 induction compatible MagSage<\/h3>\n\n\n\n<p class=\"has-text-align-center has-neve-text-color-color has-text-color\"><mark style=\"background-color:rgba(0, 0, 0, 0)\" class=\"has-inline-color has-neve-text-color-color\">WEENCOO Batterie Externe sans Fil Magn\u00e9tique, 10000mAh sans Fil Power Bank MagSafe Charge Rapide avec USB-C Chargeur Portable Compatible pour iPhone15&amp;14&amp;13&amp;12Pro\/ProMax\/Mini<\/mark><\/p>\n\n\n\n<div class=\"wp-block-buttons is-content-justification-center is-layout-flex wp-container-core-buttons-is-layout-16018d1d wp-block-buttons-is-layout-flex\">\n<div class=\"wp-block-button is-style-primary\"><a class=\"wp-block-button__link wp-element-button\" href=\"https:\/\/www.amazon.fr\/WEENCOO-Batterie-Magn%C3%A9tique-10000mAh-Compatible\/dp\/B0D1KWMV79\/ref=sr_1_9?__mk_fr_FR=%C3%85M%C3%85%C5%BD%C3%95%C3%91&amp;crid=JYQAO8YQZXDK&amp;dib=eyJ2IjoiMSJ9.hJcljGX818fnsT_DbIwWXppUxw1ivNvWc_yycJvNbFMVj0Z121Cmd3yNYcwc9ZbUrN-DmiwU8HolquFUKA-F_1sDegTz1uPu9F5AM1Jgf13urtchQFwaRVwHQTnFGkuoHI_o58sxpGDu1u1OtOwHfzvJ-i0ECO51d7pgh1FS9X0.WrNtC61dVXds8maGooTwWJi5eJRI6xAH7CVl4GB-DFA&amp;dib_tag=se&amp;qid=1726653028&amp;s=specialty-aps&amp;sprefix=%2Cspecialty-aps%2C111&amp;sr=8-9&amp;srs=93992965031\" target=\"_blank\" rel=\"noreferrer noopener\">VOIR LE PRODUIT<\/a><\/div>\n<\/div>\n\n\n\n<div style=\"height:40px\" aria-hidden=\"true\" class=\"wp-block-spacer\"><\/div>\n<\/div>\n\n\n\n<div class=\"wp-block-column is-vertically-aligned-top is-layout-flow wp-block-column-is-layout-flow\" style=\"flex-basis:50%\"><div class=\"wp-block-image\">\n<figure class=\"aligncenter size-large is-resized\"><img loading=\"lazy\" decoding=\"async\" width=\"918\" height=\"1024\" src=\"https:\/\/weencoo.com\/wp-content\/uploads\/2024\/09\/515aZps1bL._AC_SL1500_-918x1024.jpg\" alt=\"\" class=\"wp-image-163\" style=\"width:auto;height:300px\" srcset=\"https:\/\/weencoo.com\/wp-content\/uploads\/2024\/09\/515aZps1bL._AC_SL1500_-918x1024.jpg 918w, https:\/\/weencoo.com\/wp-content\/uploads\/2024\/09\/515aZps1bL._AC_SL1500_-269x300.jpg 269w, https:\/\/weencoo.com\/wp-content\/uploads\/2024\/09\/515aZps1bL._AC_SL1500_-768x857.jpg 768w, https:\/\/weencoo.com\/wp-content\/uploads\/2024\/09\/515aZps1bL._AC_SL1500_.jpg 1255w\" sizes=\"auto, (max-width: 918px) 100vw, 918px\" \/><\/figure>\n<\/div>\n\n\n<div style=\"height:24px\" aria-hidden=\"true\" class=\"wp-block-spacer\"><\/div>\n\n\n\n<h3 class=\"wp-block-heading has-text-align-center has-neve-text-color-color has-text-color\">Support de t\u00e9l\u00e9phone pour la voiture avec charge \u00e0 induction compatible MagSafe<\/h3>\n\n\n\n<p class=\"has-text-align-center has-neve-text-color-color has-text-color\"><mark style=\"background-color:rgba(0, 0, 0, 0)\" class=\"has-inline-color has-neve-text-color-color\">WEENCOO Support de T\u00e9l\u00e9phone Magn\u00e9tique sans Fil Chargeur de Voiture, MagSafe Chargeur de Voiture pour iPhone S\u00e9rie 15\/14\/13\/12, Chargeur Induction avec Magn\u00e9tisme Puissant et Charge Rapide<\/mark><\/p>\n\n\n\n<div class=\"wp-block-buttons is-content-justification-center is-layout-flex wp-container-core-buttons-is-layout-16018d1d wp-block-buttons-is-layout-flex\">\n<div class=\"wp-block-button is-style-primary\"><a class=\"wp-block-button__link wp-element-button\" href=\"https:\/\/www.amazon.fr\/WEENCOO-T%C3%A9l%C3%A9phone-Magn%C3%A9tique-Induction-Magn%C3%A9tisme\/dp\/B0CRRX6C2H\/ref=sr_1_3?__mk_fr_FR=%C3%85M%C3%85%C5%BD%C3%95%C3%91&amp;crid=JYQAO8YQZXDK&amp;dib=eyJ2IjoiMSJ9.hJcljGX818fnsT_DbIwWXppUxw1ivNvWc_yycJvNbFMVj0Z121Cmd3yNYcwc9ZbUrN-DmiwU8HolquFUKA-F_1sDegTz1uPu9F5AM1Jgf13urtchQFwaRVwHQTnFGkuoHI_o58sxpGDu1u1OtOwHfzvJ-i0ECO51d7pgh1FS9X0.WrNtC61dVXds8maGooTwWJi5eJRI6xAH7CVl4GB-DFA&amp;dib_tag=se&amp;qid=1726653028&amp;s=specialty-aps&amp;sprefix=%2Cspecialty-aps%2C111&amp;sr=8-3&amp;srs=93992965031\" target=\"_blank\" rel=\"noreferrer noopener\">VOIR LE PRODUIT<\/a><\/div>\n<\/div>\n\n\n\n<div style=\"height:40px\" aria-hidden=\"true\" class=\"wp-block-spacer\"><\/div>\n<\/div>\n<\/div>\n<\/div><\/div>\n<\/div><\/div>\n\n\n\n<div class=\"wp-block-cover alignfull is-light\" style=\"min-height:1702px;aspect-ratio:unset;\"><span aria-hidden=\"true\" class=\"wp-block-cover__background has-nv-site-bg-background-color has-background-dim-100 has-background-dim\"><\/span><div class=\"wp-block-cover__inner-container is-layout-flow wp-block-cover-is-layout-flow\">\n<div class=\"wp-block-group\"><div class=\"wp-block-group__inner-container is-layout-flow wp-block-group-is-layout-flow\">\n<div class=\"wp-block-columns are-vertically-aligned-center is-layout-flex wp-container-core-columns-is-layout-9d6595d7 wp-block-columns-is-layout-flex\">\n<div class=\"wp-block-column is-vertically-aligned-center is-layout-flow wp-block-column-is-layout-flow\" style=\"flex-basis:50%\"><div class=\"wp-block-image\">\n<figure class=\"aligncenter size-large is-resized\"><img loading=\"lazy\" decoding=\"async\" width=\"993\" height=\"1024\" src=\"https:\/\/weencoo.com\/wp-content\/uploads\/2024\/09\/71ydPQjmuUL._AC_SL1154_-993x1024.jpg\" alt=\"\" class=\"wp-image-164\" style=\"width:auto;height:300px\" srcset=\"https:\/\/weencoo.com\/wp-content\/uploads\/2024\/09\/71ydPQjmuUL._AC_SL1154_-993x1024.jpg 993w, https:\/\/weencoo.com\/wp-content\/uploads\/2024\/09\/71ydPQjmuUL._AC_SL1154_-291x300.jpg 291w, https:\/\/weencoo.com\/wp-content\/uploads\/2024\/09\/71ydPQjmuUL._AC_SL1154_-768x792.jpg 768w, https:\/\/weencoo.com\/wp-content\/uploads\/2024\/09\/71ydPQjmuUL._AC_SL1154_.jpg 1119w\" sizes=\"auto, (max-width: 993px) 100vw, 993px\" \/><\/figure>\n<\/div>\n\n\n<div style=\"height:24px\" aria-hidden=\"true\" class=\"wp-block-spacer\"><\/div>\n\n\n\n<h3 class=\"wp-block-heading has-text-align-center has-neve-text-color-color has-text-color\"><mark style=\"background-color:rgba(0, 0, 0, 0)\" class=\"has-inline-color has-neve-text-color-color\"> Batterie Externe Solaire 20000 mAh<\/mark><\/h3>\n\n\n\n<p class=\"has-text-align-center has-neve-text-color-color has-text-color\"><mark style=\"background-color:rgba(0, 0, 0, 0)\" class=\"has-inline-color has-neve-text-color-color\">WEENCOO Batterie Externe Solaire 20000 mAh USB Chargeur Portable avec Panneau Solaire, Splashproof, Antipoussi\u00e8re, Antichoc Power Bank avec 2 Lampes de Poche, Port d&rsquo;entr\u00e9e de Type C, Boussole (Orange)<\/mark><\/p>\n\n\n\n<div class=\"wp-block-buttons is-content-justification-center is-layout-flex wp-container-core-buttons-is-layout-16018d1d wp-block-buttons-is-layout-flex\">\n<div class=\"wp-block-button is-style-primary\"><a class=\"wp-block-button__link wp-element-button\" href=\"https:\/\/www.amazon.fr\/WEENCOO-Batterie-20000mAh-Splashproof-Antipoussi%C3%A8re\/dp\/B0CRPMBQDW\/ref=sr_1_1?__mk_fr_FR=%C3%85M%C3%85%C5%BD%C3%95%C3%91&amp;crid=JYQAO8YQZXDK&amp;dib=eyJ2IjoiMSJ9.hJcljGX818fnsT_DbIwWXppUxw1ivNvWc_yycJvNbFMVj0Z121Cmd3yNYcwc9ZbUrN-DmiwU8HolquFUKA-F_1sDegTz1uPu9F5AM1Jgf13urtchQFwaRVwHQTnFGkuoHI_o58sxpGDu1u1OtOwHfzvJ-i0ECO51d7pgh1FS9X0.WrNtC61dVXds8maGooTwWJi5eJRI6xAH7CVl4GB-DFA&amp;dib_tag=se&amp;qid=1726653028&amp;s=specialty-aps&amp;sprefix=%2Cspecialty-aps%2C111&amp;sr=8-1&amp;srs=93992965031\" target=\"_blank\" rel=\"noreferrer noopener\">VOIR LE PRODUIT<\/a><\/div>\n<\/div>\n\n\n\n<div style=\"height:40px\" aria-hidden=\"true\" class=\"wp-block-spacer\"><\/div>\n<\/div>\n\n\n\n<div class=\"wp-block-column is-vertically-aligned-center is-layout-flow wp-block-column-is-layout-flow\" style=\"flex-basis:50%\"><div class=\"wp-block-image\">\n<figure class=\"aligncenter size-full is-resized\"><img loading=\"lazy\" decoding=\"async\" width=\"949\" height=\"960\" src=\"https:\/\/weencoo.com\/wp-content\/uploads\/2024\/09\/61Rb9YjADPL-1.jpg\" alt=\"\" class=\"wp-image-218\" style=\"width:auto;height:300px\" srcset=\"https:\/\/weencoo.com\/wp-content\/uploads\/2024\/09\/61Rb9YjADPL-1.jpg 949w, https:\/\/weencoo.com\/wp-content\/uploads\/2024\/09\/61Rb9YjADPL-1-297x300.jpg 297w, https:\/\/weencoo.com\/wp-content\/uploads\/2024\/09\/61Rb9YjADPL-1-768x777.jpg 768w\" sizes=\"auto, (max-width: 949px) 100vw, 949px\" \/><\/figure>\n<\/div>\n\n\n<div style=\"height:24px\" aria-hidden=\"true\" class=\"wp-block-spacer\"><\/div>\n\n\n\n<h3 class=\"wp-block-heading has-text-align-center has-neve-text-color-color has-text-color\">C\u00e2ble HDMI 8K &#8211; 2.1 Ultra High Speed <\/h3>\n\n\n\n<p class=\"has-text-align-center has-neve-text-color-color has-text-color\"><mark style=\"background-color:rgba(0, 0, 0, 0)\" class=\"has-inline-color has-neve-text-color-color\">WEENCOO C\u00e2ble HDMI HD 8K 60Hz \/ 4K 120Hz &#8211; 1,5m (Pour une exp\u00e9rience Ultra HD spectaculaire &#8211; Haute vitesse compatible avec Blu-ray \/ PS4 \/ PS5 \/ Xbox Series X \/ Switch, Noir)<\/mark><\/p>\n\n\n\n<div class=\"wp-block-buttons is-content-justification-center is-layout-flex wp-container-core-buttons-is-layout-16018d1d wp-block-buttons-is-layout-flex\">\n<div class=\"wp-block-button is-style-primary\"><a class=\"wp-block-button__link wp-element-button\" href=\"https:\/\/www.amazon.fr\/C%C3%A2ble-HDMI-60Hz-120Hz-spectaculaire\/dp\/B0CQJWRG64\/ref=sr_1_5?__mk_fr_FR=%C3%85M%C3%85%C5%BD%C3%95%C3%91&amp;crid=471ZB846321&amp;dib=eyJ2IjoiMSJ9.jkGVbAjpGgAUQSciUw0u0jDsO4tGJ84v0Zw6Kdc3NKQvAyNufi05HJtzTPj7DdmOLijkHjvPHth3LZfSbh3BITRG8kAG25gqB5D-vnGhkh6nF9x6jUDI-mkDs_Vk1wBGOEGDWeUHerUElE5OlkoJnjXtFGZktCRIPE6D6sZ0mOdeW_Eh5YgWtozmowFSkBulwi4n94O0EBTEk9I-TB6LB0umu_BJ87tLkL2IZAsTtgDt_itgQOHyzKZZV7-BrMbUeqcBvrLO9_ZPS0j2g6ZVFZBo2b0knLqnm-bChXrf2zI.CFVJMFOoym6f2Nec9ODEz9Xs5_JysD_iWRgFuhVLixE&amp;dib_tag=se&amp;keywords=hdmi+weencoo&amp;qid=1726653161&amp;sprefix=hdmi+weencoo%2Caps%2C112&amp;sr=8-5\" target=\"_blank\" rel=\"noreferrer noopener\">VOIR LE PRODUIT<\/a><\/div>\n<\/div>\n\n\n\n<div style=\"height:40px\" aria-hidden=\"true\" class=\"wp-block-spacer\"><\/div>\n<\/div>\n<\/div>\n\n\n\n<div class=\"wp-block-cover alignfull is-light\" style=\"min-height:808px;aspect-ratio:unset;\"><span aria-hidden=\"true\" class=\"wp-block-cover__background has-nv-light-bg-background-color has-background-dim-100 has-background-dim\"><\/span><div class=\"wp-block-cover__inner-container is-layout-flow wp-block-cover-is-layout-flow\">\n<div class=\"wp-block-group\"><div class=\"wp-block-group__inner-container is-layout-flow wp-block-group-is-layout-flow\">\n<div class=\"wp-block-columns is-layout-flex wp-container-core-columns-is-layout-9d6595d7 wp-block-columns-is-layout-flex\">\n<div class=\"wp-block-column is-vertically-aligned-center is-layout-flow wp-block-column-is-layout-flow\" style=\"flex-basis:50%\"><div class=\"wp-block-image\">\n<figure class=\"aligncenter size-full is-resized\"><img loading=\"lazy\" decoding=\"async\" width=\"647\" height=\"561\" src=\"https:\/\/weencoo.com\/wp-content\/uploads\/2024\/09\/51FTRQOlXFL._AC_.jpg\" alt=\"\" class=\"wp-image-250\" style=\"width:auto;height:300px\" srcset=\"https:\/\/weencoo.com\/wp-content\/uploads\/2024\/09\/51FTRQOlXFL._AC_.jpg 647w, https:\/\/weencoo.com\/wp-content\/uploads\/2024\/09\/51FTRQOlXFL._AC_-300x260.jpg 300w\" sizes=\"auto, (max-width: 647px) 100vw, 647px\" \/><\/figure>\n<\/div>\n\n\n<div style=\"height:24px\" aria-hidden=\"true\" class=\"wp-block-spacer\"><\/div>\n\n\n\n<h3 class=\"wp-block-heading has-text-align-center has-neve-text-color-color has-text-color\">Verres tremp\u00e9s pour smartphones<\/h3>\n\n\n\n<p class=\"has-text-align-center has-neve-text-color-color has-text-color\">Une large s\u00e9lection de verres tremp\u00e9s WEENCOO de haute qualit\u00e9 pour diverses mod\u00e8les de smartphones, rigides, sans bulles, dot\u00e9s de la technologie anti-scratch, avec une haute sensibilit\u00e9 au toucher<\/p>\n\n\n\n<div class=\"wp-block-buttons is-content-justification-center is-layout-flex wp-container-core-buttons-is-layout-16018d1d wp-block-buttons-is-layout-flex\">\n<div class=\"wp-block-button is-style-primary\"><a class=\"wp-block-button__link wp-element-button\" href=\"https:\/\/www.amazon.fr\/s?k=verre+tremp%C3%A9&amp;i=specialty-aps&amp;srs=93992965031&amp;__mk_fr_FR=%C3%85M%C3%85%C5%BD%C3%95%C3%91&amp;crid=3CZULMCMPOXAK&amp;sprefix=verre+tremp%C3%A9%2Cspecialty-aps%2C113&amp;ref=nb_sb_noss_2\" target=\"_blank\" rel=\"noreferrer noopener\">VOIR LES MOD\u00c8LES<\/a><\/div>\n<\/div>\n\n\n\n<div style=\"height:40px\" aria-hidden=\"true\" class=\"wp-block-spacer\"><\/div>\n<\/div>\n\n\n\n<div class=\"wp-block-column is-vertically-aligned-top is-layout-flow wp-block-column-is-layout-flow\" style=\"flex-basis:50%\"><div class=\"wp-block-image\">\n<figure class=\"aligncenter size-large is-resized\"><img loading=\"lazy\" decoding=\"async\" width=\"702\" height=\"1024\" src=\"https:\/\/weencoo.com\/wp-content\/uploads\/2024\/09\/61M8-91L0JL._AC_SL1480_-702x1024.jpg\" alt=\"\" class=\"wp-image-251\" style=\"width:auto;height:300px\" srcset=\"https:\/\/weencoo.com\/wp-content\/uploads\/2024\/09\/61M8-91L0JL._AC_SL1480_-702x1024.jpg 702w, https:\/\/weencoo.com\/wp-content\/uploads\/2024\/09\/61M8-91L0JL._AC_SL1480_-206x300.jpg 206w, https:\/\/weencoo.com\/wp-content\/uploads\/2024\/09\/61M8-91L0JL._AC_SL1480_-768x1121.jpg 768w, https:\/\/weencoo.com\/wp-content\/uploads\/2024\/09\/61M8-91L0JL._AC_SL1480_.jpg 1014w\" sizes=\"auto, (max-width: 702px) 100vw, 702px\" \/><\/figure>\n<\/div>\n\n\n<div style=\"height:24px\" aria-hidden=\"true\" class=\"wp-block-spacer\"><\/div>\n\n\n\n<h3 class=\"wp-block-heading has-text-align-center has-neve-text-color-color has-text-color\">Coques r\u00e9sistantes pour smartphones <\/h3>\n\n\n\n<p class=\"has-text-align-center has-neve-text-color-color has-text-color\">Con\u00e7ues pour des diverses mod\u00e8les de t\u00e9l\u00e9phones, les coques WEENCOO sont dot\u00e9es de la technologie anti-jaunissement, anti-choc et anti-rayures, tout pour une meilleure protection de votre smartphone<\/p>\n\n\n\n<div class=\"wp-block-buttons is-content-justification-center is-layout-flex wp-container-core-buttons-is-layout-16018d1d wp-block-buttons-is-layout-flex\">\n<div class=\"wp-block-button is-style-primary\"><a class=\"wp-block-button__link wp-element-button\" href=\"https:\/\/www.amazon.fr\/s?k=coque&amp;i=specialty-aps&amp;srs=93992965031&amp;__mk_fr_FR=%C3%85M%C3%85%C5%BD%C3%95%C3%91&amp;crid=1Q1GS1RYJHZRF&amp;sprefix=coque%2Cspecialty-aps%2C112&amp;ref=nb_sb_noss_1\" target=\"_blank\" rel=\"noreferrer noopener\">VOIR LES MOD\u00c8LES<\/a><\/div>\n<\/div>\n\n\n\n<div style=\"height:40px\" aria-hidden=\"true\" class=\"wp-block-spacer\"><\/div>\n<\/div>\n<\/div>\n<\/div><\/div>\n<\/div><\/div>\n<\/div><\/div>\n<\/div><\/div>\n\n\n\n<div class=\"wp-block-cover alignfull is-light\" style=\"min-height:358px;aspect-ratio:unset;\"><span aria-hidden=\"true\" class=\"wp-block-cover__background has-nv-dark-bg-background-color has-background-dim-100 has-background-dim\"><\/span><div class=\"wp-block-cover__inner-container is-layout-flow wp-block-cover-is-layout-flow\">\n<div style=\"height:24px\" aria-hidden=\"true\" class=\"wp-block-spacer\"><\/div>\n\n\n\n<p class=\"has-text-align-center has-nv-text-dark-bg-color has-text-color\">Visitez notre Marketplace Amazon pour l&rsquo;achat de nos produits<\/p>\n\n\n\n<div class=\"wp-block-buttons is-content-justification-center is-layout-flex wp-container-core-buttons-is-layout-16018d1d wp-block-buttons-is-layout-flex\">\n<div class=\"wp-block-button is-style-default\"><a class=\"wp-block-button__link wp-element-button\" href=\"https:\/\/www.amazon.fr\/s?i=specialty-aps&amp;srs=93992965031&amp;__mk_fr_FR=%C3%85M%C3%85%C5%BD%C3%95%C3%91&amp;crid=JYQAO8YQZXDK&amp;sprefix=%2Cspecialty-aps%2C111&amp;ref=nb_sb_noss_2\" target=\"_blank\" rel=\"noreferrer noopener\">ACHETER LES PRODUITS WEENCOO<\/a><\/div>\n<\/div>\n<\/div><\/div>\n\n\n\n<p><\/p>\n","protected":false},"excerpt":{"rendered":"","protected":false},"author":1,"featured_media":0,"parent":0,"menu_order":0,"comment_status":"closed","ping_status":"closed","template":"","meta":{"om_disable_all_campaigns":false,"_monsterinsights_skip_tracking":false,"_monsterinsights_sitenote_active":false,"_monsterinsights_sitenote_note":"","_monsterinsights_sitenote_category":0,"neve_meta_sidebar":"","neve_meta_container":"","neve_meta_enable_content_width":"on","neve_meta_content_width":100,"neve_meta_title_alignment":"","neve_meta_author_avatar":"","neve_post_elements_order":"","neve_meta_disable_header":"","neve_meta_disable_footer":"","neve_meta_disable_title":"on","footnotes":""},"class_list":["post-33","page","type-page","status-publish","hentry"],"aioseo_notices":[],"_links":{"self":[{"href":"https:\/\/weencoo.com\/index.php\/wp-json\/wp\/v2\/pages\/33","targetHints":{"allow":["GET"]}}],"collection":[{"href":"https:\/\/weencoo.com\/index.php\/wp-json\/wp\/v2\/pages"}],"about":[{"href":"https:\/\/weencoo.com\/index.php\/wp-json\/wp\/v2\/types\/page"}],"author":[{"embeddable":true,"href":"https:\/\/weencoo.com\/index.php\/wp-json\/wp\/v2\/users\/1"}],"replies":[{"embeddable":true,"href":"https:\/\/weencoo.com\/index.php\/wp-json\/wp\/v2\/comments?post=33"}],"version-history":[{"count":13,"href":"https:\/\/weencoo.com\/index.php\/wp-json\/wp\/v2\/pages\/33\/revisions"}],"predecessor-version":[{"id":279,"href":"https:\/\/weencoo.com\/index.php\/wp-json\/wp\/v2\/pages\/33\/revisions\/279"}],"wp:attachment":[{"href":"https:\/\/weencoo.com\/index.php\/wp-json\/wp\/v2\/media?parent=33"}],"curies":[{"name":"wp","href":"https:\/\/api.w.org\/{rel}","templated":true}]}}