{"id":319,"date":"2024-09-19T13:22:49","date_gmt":"2024-09-19T11:22:49","guid":{"rendered":"https:\/\/weencoo.com\/?page_id=319"},"modified":"2024-09-19T13:23:43","modified_gmt":"2024-09-19T11:23:43","slug":"cookies","status":"publish","type":"page","link":"https:\/\/weencoo.com\/index.php\/cookies\/","title":{"rendered":"Gestion des cookies"},"content":{"rendered":"\n<p>Lorsque vous visitez un site internet, il peut stocker ou r\u00e9cup\u00e9rer des informations sur votre navigateur en utilisant des cookies. Les cookies sont configur\u00e9s pour expirer lorsque les informations ne sont plus n\u00e9cessaires ou apr\u00e8s une p\u00e9riode maximale d&rsquo;un an. Vous pouvez choisir d&rsquo;autoriser ou non certains types sp\u00e9cifiques de cookies. Cliquez sur les diff\u00e9rents titres de cat\u00e9gories ci-dessous pour en savoir plus. Veuillez noter que le blocage de certains types de cookies peut avoir un impact sur votre exp\u00e9rience sur le site et sur les services que nous sommes en mesure d&rsquo;offrir.<\/p>\n","protected":false},"excerpt":{"rendered":"<p>Lorsque vous visitez un site internet, il peut stocker ou r\u00e9cup\u00e9rer des informations sur votre navigateur en utilisant des cookies. Les cookies sont configur\u00e9s pour expirer lorsque les informations ne sont plus n\u00e9cessaires ou apr\u00e8s une p\u00e9riode maximale d&rsquo;un an. Vous pouvez choisir d&rsquo;autoriser ou non certains types sp\u00e9cifiques de cookies. Cliquez sur les diff\u00e9rents&hellip;&nbsp;<a href=\"https:\/\/weencoo.com\/index.php\/cookies\/\" rel=\"bookmark\">Lire la suite &raquo;<span class=\"screen-reader-text\">Gestion des cookies<\/span><\/a><\/p>\n","protected":false},"author":2,"featured_media":0,"parent":0,"menu_order":0,"comment_status":"closed","ping_status":"closed","template":"","meta":{"om_disable_all_campaigns":false,"_monsterinsights_skip_tracking":false,"_monsterinsights_sitenote_active":false,"_monsterinsights_sitenote_note":"","_monsterinsights_sitenote_category":0,"neve_meta_sidebar":"","neve_meta_container":"","neve_meta_enable_content_width":"","neve_meta_content_width":0,"neve_meta_title_alignment":"","neve_meta_author_avatar":"","neve_post_elements_order":"","neve_meta_disable_header":"","neve_meta_disable_footer":"","neve_meta_disable_title":"","footnotes":""},"class_list":["post-319","page","type-page","status-publish","hentry"],"aioseo_notices":[],"_links":{"self":[{"href":"https:\/\/weencoo.com\/index.php\/wp-json\/wp\/v2\/pages\/319","targetHints":{"allow":["GET"]}}],"collection":[{"href":"https:\/\/weencoo.com\/index.php\/wp-json\/wp\/v2\/pages"}],"about":[{"href":"https:\/\/weencoo.com\/index.php\/wp-json\/wp\/v2\/types\/page"}],"author":[{"embeddable":true,"href":"https:\/\/weencoo.com\/index.php\/wp-json\/wp\/v2\/users\/2"}],"replies":[{"embeddable":true,"href":"https:\/\/weencoo.com\/index.php\/wp-json\/wp\/v2\/comments?post=319"}],"version-history":[{"count":1,"href":"https:\/\/weencoo.com\/index.php\/wp-json\/wp\/v2\/pages\/319\/revisions"}],"predecessor-version":[{"id":320,"href":"https:\/\/weencoo.com\/index.php\/wp-json\/wp\/v2\/pages\/319\/revisions\/320"}],"wp:attachment":[{"href":"https:\/\/weencoo.com\/index.php\/wp-json\/wp\/v2\/media?parent=319"}],"curies":[{"name":"wp","href":"https:\/\/api.w.org\/{rel}","templated":true}]}}