{"id":314,"date":"2024-09-19T13:16:03","date_gmt":"2024-09-19T11:16:03","guid":{"rendered":"https:\/\/weencoo.com\/?page_id=314"},"modified":"2024-09-19T13:16:04","modified_gmt":"2024-09-19T11:16:04","slug":"mentions-legales","status":"publish","type":"page","link":"https:\/\/weencoo.com\/index.php\/mentions-legales\/","title":{"rendered":"Mentions l\u00e9gales"},"content":{"rendered":"\n<p>Conform\u00e9ment aux dispositions des Articles 6-III et 19 de la Loi n\u00b02004-575 du 21 juin 2004 pour la Confiance dans l\u2019\u00e9conomie num\u00e9rique, dite L.C.E.N., il est port\u00e9 \u00e0 la connaissance des utilisateurs et visiteurs, ci-apr\u00e8s l\u2019\u00ab&nbsp;<strong>Utilisateur<\/strong>&nbsp;\u00bb, du site www.weencoo.com , ci-apr\u00e8s le \u00ab&nbsp;<strong>Site<\/strong>&nbsp;\u00bb, les pr\u00e9sentes mentions l\u00e9gales.<\/p>\n\n\n\n<p>La connexion et la navigation sur le Site par l\u2019Utilisateur implique acceptation int\u00e9grale et sans r\u00e9serve des pr\u00e9sentes mentions l\u00e9gales.<\/p>\n\n\n\n<p>Ces derni\u00e8res sont accessibles sur le Site \u00e0 la rubrique \u00ab <strong>Mentions l\u00e9gales<\/strong> \u00bb.<\/p>\n\n\n\n<h3 class=\"wp-block-heading\">ARTICLE 1 &#8211; L&rsquo;EDITEUR<\/h3>\n\n\n\n<p>L&rsquo;\u00e9dition du Site est assur\u00e9e par WEENCOO Osa\u00fching au capital de 1 euros, immatricul\u00e9e au Registre du Commerce et des Soci\u00e9t\u00e9s de Tallinn sous le num\u00e9ro 16869639 dont le si\u00e8ge social est situ\u00e9 au Harju maakond, Tallinn, Kesklinna linnaosa, Ahtri tn 12, 15551&nbsp;; adresse e-mail : <a href=\"mailto:contact@weencoo.com\">contact@weencoo.com<\/a> ; N\u00b0 de TVA intracommunautaire : EE102726745<\/p>\n\n\n\n<p>Le Directeur de la publication est WENCOO Group, ci-apr\u00e8s l\u2019\u00ab&nbsp;<strong>Editeur<\/strong>&nbsp;\u00bb.<\/p>\n\n\n\n<h3 class=\"wp-block-heading\">ARTICLE 2 &#8211; L&rsquo;HEBERGEUR<\/h3>\n\n\n\n<p>L&rsquo;h\u00e9bergeur du Site est la soci\u00e9t\u00e9 HOSTINGER Operations, UAB, dont le si\u00e8ge social est situ\u00e9 au \u0160vitrigailos str. 34, Vilnius 03230 Lithuania, <strong>avec le num\u00e9ro de t\u00e9l\u00e9phone : +37064503378, adresse e-mail de contact&nbsp;:<\/strong> <a href=\"mailto:domains@hostinger.com\">domains@hostinger.com<\/a>.<\/p>\n\n\n\n<h3 class=\"wp-block-heading\">ARTICLE 3 &#8211; ACCES AU SITE<\/h3>\n\n\n\n<p>Le Site est accessible en tout endroit, 7j\/7, 24h\/24 sauf cas de force majeure, interruption programm\u00e9e ou non et pouvant d\u00e9coulant d\u2019une n\u00e9cessit\u00e9 de maintenance.<\/p>\n\n\n\n<p>En cas de modification, interruption ou suspension du Site, l&rsquo;Editeur ne saurait \u00eatre tenu responsable.<\/p>\n\n\n\n<h3 class=\"wp-block-heading\">ARTICLE 4 &#8211; COLLECTE DES DONNEES<\/h3>\n\n\n\n<p>Le Site assure \u00e0 l&rsquo;Utilisateur une collecte et un traitement d&rsquo;informations personnelles dans le respect de la vie priv\u00e9e conform\u00e9ment \u00e0 la loi n\u00b078-17 du 6 janvier 1978 relative \u00e0 l&rsquo;informatique, aux fichiers et aux libert\u00e9s.<\/p>\n\n\n\n<p>En vertu de la loi Informatique et Libert\u00e9s, en date du 6 janvier 1978, l&rsquo;Utilisateur dispose d&rsquo;un droit d&rsquo;acc\u00e8s, de rectification, de suppression et d&rsquo;opposition de ses donn\u00e9es personnelles. L&rsquo;Utilisateur exerce ce droit en contactant l\u2019adresse e-mail&nbsp;: <a href=\"mailto:contact@weencoogroup.com\">contact@weencoogroup.com<\/a>. Pour conna\u00eetre et exercer vos droits, notamment de retrait de votre consentement \u00e0 l\u2019utilisation des donn\u00e9es collect\u00e9es, veuillez consulter notre politique de confidentialit\u00e9 disponible ici : <a href=\"https:\/\/weencoo.com\/?page_id=3\" target=\"_blank\" rel=\"noreferrer noopener\">https:\/\/weencoo.com\/index.php\/politique-de-confidentialite\/<\/a>.<\/p>\n\n\n\n<p>Toute utilisation, reproduction, diffusion, commercialisation, modification de toute ou partie du Site\ufeff, sans autorisation de l\u2019Editeur est prohib\u00e9e et pourra entra\u00eener des actions et poursuites judiciaires telles que notamment pr\u00e9vues par le Code de la propri\u00e9t\u00e9 intellectuelle et le Code civil.<\/p>\n","protected":false},"excerpt":{"rendered":"<p>Conform\u00e9ment aux dispositions des Articles 6-III et 19 de la Loi n\u00b02004-575 du 21 juin 2004 pour la Confiance dans l\u2019\u00e9conomie num\u00e9rique, dite L.C.E.N., il est port\u00e9 \u00e0 la connaissance des utilisateurs et visiteurs, ci-apr\u00e8s l\u2019\u00ab&nbsp;Utilisateur&nbsp;\u00bb, du site www.weencoo.com , ci-apr\u00e8s le \u00ab&nbsp;Site&nbsp;\u00bb, les pr\u00e9sentes mentions l\u00e9gales. La connexion et la navigation sur le Site&hellip;&nbsp;<a href=\"https:\/\/weencoo.com\/index.php\/mentions-legales\/\" rel=\"bookmark\">Lire la suite &raquo;<span class=\"screen-reader-text\">Mentions l\u00e9gales<\/span><\/a><\/p>\n","protected":false},"author":2,"featured_media":0,"parent":0,"menu_order":0,"comment_status":"closed","ping_status":"closed","template":"","meta":{"om_disable_all_campaigns":false,"_monsterinsights_skip_tracking":false,"_monsterinsights_sitenote_active":false,"_monsterinsights_sitenote_note":"","_monsterinsights_sitenote_category":0,"neve_meta_sidebar":"","neve_meta_container":"","neve_meta_enable_content_width":"","neve_meta_content_width":0,"neve_meta_title_alignment":"","neve_meta_author_avatar":"","neve_post_elements_order":"","neve_meta_disable_header":"","neve_meta_disable_footer":"","neve_meta_disable_title":"","footnotes":""},"class_list":["post-314","page","type-page","status-publish","hentry"],"aioseo_notices":[],"_links":{"self":[{"href":"https:\/\/weencoo.com\/index.php\/wp-json\/wp\/v2\/pages\/314","targetHints":{"allow":["GET"]}}],"collection":[{"href":"https:\/\/weencoo.com\/index.php\/wp-json\/wp\/v2\/pages"}],"about":[{"href":"https:\/\/weencoo.com\/index.php\/wp-json\/wp\/v2\/types\/page"}],"author":[{"embeddable":true,"href":"https:\/\/weencoo.com\/index.php\/wp-json\/wp\/v2\/users\/2"}],"replies":[{"embeddable":true,"href":"https:\/\/weencoo.com\/index.php\/wp-json\/wp\/v2\/comments?post=314"}],"version-history":[{"count":1,"href":"https:\/\/weencoo.com\/index.php\/wp-json\/wp\/v2\/pages\/314\/revisions"}],"predecessor-version":[{"id":317,"href":"https:\/\/weencoo.com\/index.php\/wp-json\/wp\/v2\/pages\/314\/revisions\/317"}],"wp:attachment":[{"href":"https:\/\/weencoo.com\/index.php\/wp-json\/wp\/v2\/media?parent=314"}],"curies":[{"name":"wp","href":"https:\/\/api.w.org\/{rel}","templated":true}]}}