{"id":31,"date":"2023-11-20T20:02:29","date_gmt":"2023-11-20T19:02:29","guid":{"rendered":"https:\/\/weencoo.com\/?page_id=31"},"modified":"2024-09-17T11:36:56","modified_gmt":"2024-09-17T09:36:56","slug":"notre-histoire","status":"publish","type":"page","link":"https:\/\/weencoo.com\/index.php\/notre-histoire\/","title":{"rendered":"Notre histoire"},"content":{"rendered":"\n<div class=\"wp-block-cover alignfull is-light\" style=\"min-height:300px;aspect-ratio:unset;\"><span aria-hidden=\"true\" class=\"wp-block-cover__background has-nv-site-bg-background-color has-background-dim-100 has-background-dim\"><\/span><div class=\"wp-block-cover__inner-container is-layout-flow wp-block-cover-is-layout-flow\">\n<div class=\"wp-block-group\"><div class=\"wp-block-group__inner-container is-layout-flow wp-block-group-is-layout-flow\">\n<h1 class=\"wp-block-heading has-text-align-left has-neve-text-color-color has-text-color\">Notre histoire<\/h1>\n<\/div><\/div>\n<\/div><\/div>\n\n\n\n<div class=\"wp-block-cover alignfull is-light\" style=\"min-height:600px;aspect-ratio:unset;\"><span aria-hidden=\"true\" class=\"wp-block-cover__background has-nv-light-bg-background-color has-background-dim-100 has-background-dim\"><\/span><div class=\"wp-block-cover__inner-container is-layout-flow wp-block-cover-is-layout-flow\">\n<div class=\"wp-block-group\"><div class=\"wp-block-group__inner-container is-layout-flow wp-block-group-is-layout-flow\">\n<div style=\"height:80px\" aria-hidden=\"true\" class=\"wp-block-spacer\"><\/div>\n\n\n\n<div class=\"wp-block-columns are-vertically-aligned-center is-layout-flex wp-container-core-columns-is-layout-9d6595d7 wp-block-columns-is-layout-flex\">\n<div class=\"wp-block-column is-vertically-aligned-center is-layout-flow wp-block-column-is-layout-flow\" style=\"flex-basis:50%\">\n<figure class=\"wp-block-gallery has-nested-images columns-default is-cropped wp-block-gallery-1 is-layout-flex wp-block-gallery-is-layout-flex\">\n<figure class=\"wp-block-image size-large\"><img loading=\"lazy\" decoding=\"async\" width=\"1024\" height=\"1024\" data-id=\"135\" src=\"https:\/\/weencoo.com\/wp-content\/uploads\/2024\/09\/technology_compagny_0p3a3keuaokb0y5nas2e_1-2.png\" alt=\"\" class=\"wp-image-135\" srcset=\"https:\/\/weencoo.com\/wp-content\/uploads\/2024\/09\/technology_compagny_0p3a3keuaokb0y5nas2e_1-2.png 1024w, https:\/\/weencoo.com\/wp-content\/uploads\/2024\/09\/technology_compagny_0p3a3keuaokb0y5nas2e_1-2-300x300.png 300w, https:\/\/weencoo.com\/wp-content\/uploads\/2024\/09\/technology_compagny_0p3a3keuaokb0y5nas2e_1-2-150x150.png 150w, https:\/\/weencoo.com\/wp-content\/uploads\/2024\/09\/technology_compagny_0p3a3keuaokb0y5nas2e_1-2-768x768.png 768w\" sizes=\"auto, (max-width: 1024px) 100vw, 1024px\" \/><\/figure>\n<\/figure>\n<\/div>\n\n\n\n<div class=\"wp-block-column is-vertically-aligned-center is-layout-flow wp-block-column-is-layout-flow\" style=\"flex-basis:50%\">\n<h2 class=\"wp-block-heading has-neve-text-color-color has-text-color\">Qui sommes-nous ? <\/h2>\n\n\n\n<p><strong>WEENCOO Group <\/strong>a \u00e9t\u00e9 cr\u00e9\u00e9 en 2023 avec une mission claire : vous offrir des produits \u00e9lectroniques de pointe ainsi que des accessoires essentiels pour smartphones, tablettes, et autres appareils, alliant <strong>innovation, qualit\u00e9 et design<\/strong>. Depuis nos d\u00e9buts, notre volont\u00e9 a \u00e9t\u00e9 d\u2019adopter les derni\u00e8res technologies pour r\u00e9pondre aux besoins quotidiens de nos utilisateurs.<\/p>\n\n\n\n<p>Nous croyons fermement que chaque d\u00e9tail compte, c&rsquo;est pourquoi nos produits sont con\u00e7us pour allier <strong>performance et esth\u00e9tique<\/strong>, tout en garantissant une facilit\u00e9 d&rsquo;utilisation. En tant que <strong>marque europ\u00e9enne<\/strong>, nous nous engageons \u00e0 respecter des normes \u00e9lev\u00e9es en mati\u00e8re de qualit\u00e9 et de service client.<\/p>\n\n\n\n<p>Chez <strong>WEENCOO Group<\/strong>, notre ambition est de devenir un partenaire de confiance, en vous proposant des solutions \u00e9lectroniques <strong>fiables et durables <\/strong>qui simplifient votre quotidien. Nous continuons d&rsquo;\u00e9voluer avec vous, en \u00e9largissant constamment notre gamme de produits pour r\u00e9pondre aux tendances du march\u00e9 et aux attentes de nos consommateurs.<\/p>\n\n\n\n<p>Nous vous remercions de votre confiance et sommes fiers de vous accompagner dans votre quotidien num\u00e9rique <strong>aujourd&rsquo;hui et demain<\/strong>.<\/p>\n<\/div>\n<\/div>\n\n\n\n<div style=\"height:40px\" aria-hidden=\"true\" class=\"wp-block-spacer\"><\/div>\n<\/div><\/div>\n<\/div><\/div>\n\n\n\n<div class=\"wp-block-cover alignfull is-light\" style=\"min-height:600px;aspect-ratio:unset;\"><span aria-hidden=\"true\" class=\"wp-block-cover__background has-nv-dark-bg-background-color has-background-dim-100 has-background-dim\"><\/span><div class=\"wp-block-cover__inner-container is-layout-flow wp-block-cover-is-layout-flow\">\n<div class=\"wp-block-group\"><div class=\"wp-block-group__inner-container is-layout-flow wp-block-group-is-layout-flow\">\n<div style=\"height:80px\" aria-hidden=\"true\" class=\"wp-block-spacer\"><\/div>\n\n\n\n<div class=\"wp-block-columns are-vertically-aligned-center is-layout-flex wp-container-core-columns-is-layout-9d6595d7 wp-block-columns-is-layout-flex\">\n<div class=\"wp-block-column is-vertically-aligned-center is-layout-flow wp-block-column-is-layout-flow\" style=\"flex-basis:50%\">\n<h2 class=\"wp-block-heading has-nv-text-dark-bg-color has-text-color\">O\u00f9 trouver <br>nos produits ?<\/h2>\n\n\n\n<p class=\"has-nv-text-dark-bg-color has-text-color\">Tous nos produits <strong>WEENCOO <\/strong>sont disponibles sur le Marketplace <strong>Amazon<\/strong>, afin qu\u2019ils vous soient livr\u00e9s le plus rapidement possible et dans des meilleures conditions. Cette collaboration vise <strong>plusieurs pays Europ\u00e9ens<\/strong>, et esp\u00e9rons bient\u00f4t ouvrir de nouvelles possibilit\u00e9s de ventes de nos produits.<\/p>\n\n\n\n<div style=\"height:20px\" aria-hidden=\"true\" class=\"wp-block-spacer\"><\/div>\n\n\n\n<div class=\"wp-block-buttons is-layout-flex wp-block-buttons-is-layout-flex\">\n<div class=\"wp-block-button is-style-primary\"><a class=\"wp-block-button__link wp-element-button\" href=\"https:\/\/www.amazon.fr\/s?srs=93992965031\">D\u00c9COUVREZ NOTRE MARKETPLACE<\/a><\/div>\n<\/div>\n\n\n\n<div style=\"height:20px\" aria-hidden=\"true\" class=\"wp-block-spacer\"><\/div>\n<\/div>\n\n\n\n<div class=\"wp-block-column is-vertically-aligned-center is-layout-flow wp-block-column-is-layout-flow\" style=\"flex-basis:50%\"><\/div>\n<\/div>\n\n\n\n<div style=\"height:40px\" aria-hidden=\"true\" class=\"wp-block-spacer\"><\/div>\n<\/div><\/div>\n<\/div><\/div>\n","protected":false},"excerpt":{"rendered":"","protected":false},"author":1,"featured_media":0,"parent":0,"menu_order":0,"comment_status":"closed","ping_status":"closed","template":"","meta":{"om_disable_all_campaigns":false,"_monsterinsights_skip_tracking":false,"_monsterinsights_sitenote_active":false,"_monsterinsights_sitenote_note":"","_monsterinsights_sitenote_category":0,"neve_meta_sidebar":"","neve_meta_container":"","neve_meta_enable_content_width":"on","neve_meta_content_width":100,"neve_meta_title_alignment":"","neve_meta_author_avatar":"","neve_post_elements_order":"","neve_meta_disable_header":"","neve_meta_disable_footer":"","neve_meta_disable_title":"on","footnotes":""},"class_list":["post-31","page","type-page","status-publish","hentry"],"aioseo_notices":[],"_links":{"self":[{"href":"https:\/\/weencoo.com\/index.php\/wp-json\/wp\/v2\/pages\/31","targetHints":{"allow":["GET"]}}],"collection":[{"href":"https:\/\/weencoo.com\/index.php\/wp-json\/wp\/v2\/pages"}],"about":[{"href":"https:\/\/weencoo.com\/index.php\/wp-json\/wp\/v2\/types\/page"}],"author":[{"embeddable":true,"href":"https:\/\/weencoo.com\/index.php\/wp-json\/wp\/v2\/users\/1"}],"replies":[{"embeddable":true,"href":"https:\/\/weencoo.com\/index.php\/wp-json\/wp\/v2\/comments?post=31"}],"version-history":[{"count":9,"href":"https:\/\/weencoo.com\/index.php\/wp-json\/wp\/v2\/pages\/31\/revisions"}],"predecessor-version":[{"id":185,"href":"https:\/\/weencoo.com\/index.php\/wp-json\/wp\/v2\/pages\/31\/revisions\/185"}],"wp:attachment":[{"href":"https:\/\/weencoo.com\/index.php\/wp-json\/wp\/v2\/media?parent=31"}],"curies":[{"name":"wp","href":"https:\/\/api.w.org\/{rel}","templated":true}]}}