{"id":3,"date":"2023-11-19T14:56:03","date_gmt":"2023-11-19T13:56:03","guid":{"rendered":"http:\/\/weencoo.com\/?page_id=3"},"modified":"2024-09-19T13:15:09","modified_gmt":"2024-09-19T11:15:09","slug":"politique-de-confidentialite","status":"publish","type":"page","link":"https:\/\/weencoo.com\/index.php\/politique-de-confidentialite\/","title":{"rendered":"Politique de confidentialit\u00e9"},"content":{"rendered":"\n<h2 class=\"wp-block-heading\">Introduction<\/h2>\n\n\n\n<p>WEENCOO Osa\u00fching (ci-apr\u00e8s \u00ab WEENCOO Group \u00bb, \u00ab WENCOO&nbsp;\u00bb ou \u00ab nous\u00bb), dont le si\u00e8ge social est \u00e9tabli en Estonie, a conscience de toute l\u2019importance que rev\u00eat la protection de la vie priv\u00e9e pour ses clients. La pr\u00e9sente Politique de confidentialit\u00e9 a pour objectif de vous informer de la mani\u00e8re dont nous recueillons et utilisons vos informations \u00e0 caract\u00e8re personnel lorsque vous utilisez le site : https:\/\/weencoo.com.<\/p>\n\n\n\n<h2 class=\"wp-block-heading\">Commentaires<\/h2>\n\n\n\n<p>Quand vous laissez un commentaire sur notre site, les donn\u00e9es inscrites dans le formulaire de commentaire, ainsi que votre adresse IP et l\u2019agent utilisateur de votre navigateur sont collect\u00e9s pour nous aider \u00e0 la d\u00e9tection des commentaires ind\u00e9sirables.<\/p>\n\n\n\n<p>Une cha\u00eene anonymis\u00e9e cr\u00e9\u00e9e \u00e0 partir de votre adresse e-mail (\u00e9galement appel\u00e9e hash) peut \u00eatre envoy\u00e9e au service Gravatar pour v\u00e9rifier si vous utilisez ce dernier. Les clauses de confidentialit\u00e9 du service Gravatar sont disponibles ici&nbsp;: https:\/\/automattic.com\/privacy\/. Apr\u00e8s validation de votre commentaire, votre nom d&rsquo;utilisateur que vous avez fourni sera visible publiquement \u00e0 cot\u00e9 de votre commentaire.<\/p>\n\n\n\n<h2 class=\"wp-block-heading\">Cookies<\/h2>\n\n\n\n<p>Si vous d\u00e9posez un commentaire sur notre site, il vous sera propos\u00e9 d\u2019enregistrer votre nom, adresse e-mail et site dans des cookies. C\u2019est uniquement pour votre confort afin de ne pas avoir \u00e0 saisir ces informations si vous d\u00e9posez un autre commentaire plus tard. Ces cookies expirent au bout d\u2019un an. <\/p>\n\n\n\n<p>En publiant une publication, un cookie suppl\u00e9mentaire sera enregistr\u00e9 dans votre navigateur. Ce cookie ne comprend aucune donn\u00e9e personnelle. Il indique simplement l\u2019ID de la publication que vous venez de modifier. Il expire au bout d\u2019un jour.<\/p>\n\n\n\n<h2 class=\"wp-block-heading\">Utilisation de vos donn\u00e9es personnelles<\/h2>\n\n\n\n<p>Les informations recueillies sur ce site sont enregistr\u00e9es dans un fichier informatis\u00e9 par WEENCOO Group dans le but de recueil de donn\u00e9es. Elles sont conserv\u00e9es pendant une dur\u00e9e d\u2019un an et sont destin\u00e9es au service Client WEENCOO Group. Conform\u00e9ment \u00e0 la loi \u00abRGPD \u00bb, vous pouvez exercer votre droit d\u2019acc\u00e8s aux donn\u00e9es vous concernant et les faire rectifier en contactant l\u2019adresse e-mail\u00a0: <a href=\"mailto:contact@weencoogroup.com\">contact@weencoogroup.com<\/a>. <\/p>\n\n\n\n<h2 class=\"wp-block-heading\">Dur\u00e9es de stockage de vos donn\u00e9es<\/h2>\n\n\n\n<p>Si vous laissez un commentaire, le commentaire et ses m\u00e9tadonn\u00e9es sont conserv\u00e9s ind\u00e9finiment. Cela permet de reconna\u00eetre et approuver automatiquement les commentaires suivants au lieu de les laisser dans la file de mod\u00e9ration. <\/p>\n\n\n\n<p>Si vous laissez un message via le formulaire de contact sur notre site, les informations que vous avez fournies sont conserv\u00e9es pendant une dur\u00e9e d\u2019un an, afin de pouvoir r\u00e9pondre \u00e0 ma demande.<\/p>\n\n\n\n<h2 class=\"wp-block-heading\">Les droits que vous avez sur vos donn\u00e9es<\/h2>\n\n\n\n<p>Si vous avez laiss\u00e9 des commentaires sur le site, vous pouvez demander \u00e0 recevoir un fichier contenant toutes les donn\u00e9es personnelles que nous poss\u00e9dons \u00e0 votre sujet, incluant celles que vous nous avez fournies. Vous pouvez \u00e9galement demander la suppression des donn\u00e9es personnelles vous concernant. Cela ne prend pas en compte les donn\u00e9es stock\u00e9es \u00e0 des fins administratives, l\u00e9gales ou pour des raisons de s\u00e9curit\u00e9.<\/p>\n","protected":false},"excerpt":{"rendered":"<p>Introduction WEENCOO Osa\u00fching (ci-apr\u00e8s \u00ab WEENCOO Group \u00bb, \u00ab WENCOO&nbsp;\u00bb ou \u00ab nous\u00bb), dont le si\u00e8ge social est \u00e9tabli en Estonie, a conscience de toute l\u2019importance que rev\u00eat la protection de la vie priv\u00e9e pour ses clients. La pr\u00e9sente Politique de confidentialit\u00e9 a pour objectif de vous informer de la mani\u00e8re dont nous recueillons et&hellip;&nbsp;<a href=\"https:\/\/weencoo.com\/index.php\/politique-de-confidentialite\/\" rel=\"bookmark\">Lire la suite &raquo;<span class=\"screen-reader-text\">Politique de confidentialit\u00e9<\/span><\/a><\/p>\n","protected":false},"author":1,"featured_media":0,"parent":0,"menu_order":0,"comment_status":"closed","ping_status":"open","template":"","meta":{"om_disable_all_campaigns":false,"_monsterinsights_skip_tracking":false,"_monsterinsights_sitenote_active":false,"_monsterinsights_sitenote_note":"","_monsterinsights_sitenote_category":0,"neve_meta_sidebar":"","neve_meta_container":"","neve_meta_enable_content_width":"","neve_meta_content_width":0,"neve_meta_title_alignment":"","neve_meta_author_avatar":"","neve_post_elements_order":"","neve_meta_disable_header":"","neve_meta_disable_footer":"","neve_meta_disable_title":"","footnotes":""},"class_list":["post-3","page","type-page","status-publish","hentry"],"aioseo_notices":[],"_links":{"self":[{"href":"https:\/\/weencoo.com\/index.php\/wp-json\/wp\/v2\/pages\/3","targetHints":{"allow":["GET"]}}],"collection":[{"href":"https:\/\/weencoo.com\/index.php\/wp-json\/wp\/v2\/pages"}],"about":[{"href":"https:\/\/weencoo.com\/index.php\/wp-json\/wp\/v2\/types\/page"}],"author":[{"embeddable":true,"href":"https:\/\/weencoo.com\/index.php\/wp-json\/wp\/v2\/users\/1"}],"replies":[{"embeddable":true,"href":"https:\/\/weencoo.com\/index.php\/wp-json\/wp\/v2\/comments?post=3"}],"version-history":[{"count":2,"href":"https:\/\/weencoo.com\/index.php\/wp-json\/wp\/v2\/pages\/3\/revisions"}],"predecessor-version":[{"id":315,"href":"https:\/\/weencoo.com\/index.php\/wp-json\/wp\/v2\/pages\/3\/revisions\/315"}],"wp:attachment":[{"href":"https:\/\/weencoo.com\/index.php\/wp-json\/wp\/v2\/media?parent=3"}],"curies":[{"name":"wp","href":"https:\/\/api.w.org\/{rel}","templated":true}]}}