{"id":286,"date":"2024-09-19T10:45:27","date_gmt":"2024-09-19T08:45:27","guid":{"rendered":"https:\/\/weencoo.com\/?page_id=286"},"modified":"2024-09-19T11:47:11","modified_gmt":"2024-09-19T09:47:11","slug":"contact","status":"publish","type":"page","link":"https:\/\/weencoo.com\/index.php\/contact\/","title":{"rendered":"Formulaire de contact"},"content":{"rendered":"\n<div class=\"wp-block-cover alignfull is-light\" style=\"min-height:446px;aspect-ratio:unset;\"><span aria-hidden=\"true\" class=\"wp-block-cover__background has-nv-dark-bg-background-color has-background-dim-100 has-background-dim\"><\/span><div class=\"wp-block-cover__inner-container is-layout-flow wp-block-cover-is-layout-flow\">\n<div class=\"wp-block-columns is-layout-flex wp-container-core-columns-is-layout-9d6595d7 wp-block-columns-is-layout-flex\">\n<div class=\"wp-block-column is-layout-flow wp-block-column-is-layout-flow\"><div class=\"wp-block-image\">\n<figure class=\"aligncenter size-large is-resized\"><img loading=\"lazy\" decoding=\"async\" width=\"1605\" height=\"1605\" src=\"https:\/\/weencoo.com\/wp-content\/uploads\/2024\/09\/pexels-cottonbro-3202235-edited-2.jpg\" alt=\"\" class=\"wp-image-302\" style=\"width:430px;height:auto\" srcset=\"https:\/\/weencoo.com\/wp-content\/uploads\/2024\/09\/pexels-cottonbro-3202235-edited-2.jpg 1605w, https:\/\/weencoo.com\/wp-content\/uploads\/2024\/09\/pexels-cottonbro-3202235-edited-2-300x300.jpg 300w, https:\/\/weencoo.com\/wp-content\/uploads\/2024\/09\/pexels-cottonbro-3202235-edited-2-1024x1024.jpg 1024w, https:\/\/weencoo.com\/wp-content\/uploads\/2024\/09\/pexels-cottonbro-3202235-edited-2-150x150.jpg 150w, https:\/\/weencoo.com\/wp-content\/uploads\/2024\/09\/pexels-cottonbro-3202235-edited-2-768x768.jpg 768w, https:\/\/weencoo.com\/wp-content\/uploads\/2024\/09\/pexels-cottonbro-3202235-edited-2-1536x1536.jpg 1536w\" sizes=\"auto, (max-width: 1605px) 100vw, 1605px\" \/><\/figure>\n<\/div><\/div>\n\n\n\n<div class=\"wp-block-column is-vertically-aligned-center is-layout-flow wp-block-column-is-layout-flow\">\n<h2 class=\"wp-block-heading\"><mark style=\"background-color:rgba(0, 0, 0, 0)\" class=\"has-inline-color has-nv-text-dark-bg-color\">Une question ? <\/mark><br><mark style=\"background-color:rgba(0, 0, 0, 0)\" class=\"has-inline-color has-nv-text-dark-bg-color\">Une commande ? <\/mark><br><mark style=\"background-color:rgba(0, 0, 0, 0)\" class=\"has-inline-color has-nv-text-dark-bg-color\">Une suggestion ?<\/mark><\/h2>\n\n\n\n<h3 class=\"wp-block-heading\"><mark style=\"background-color:rgba(0, 0, 0, 0)\" class=\"has-inline-color has-neve-link-color-color\">\u00c9crivez-nous dans le formulaire ci-dessous<\/mark><\/h3>\n<\/div>\n<\/div>\n<\/div><\/div>\n\n\n\n<div class=\"wp-block-columns is-layout-flex wp-container-core-columns-is-layout-9d6595d7 wp-block-columns-is-layout-flex\"><\/div>\n\n\n<div class=\"wpforms-container wpforms-container-full wpforms-block wpforms-block-f6ea4f10-6933-41d5-a2df-d6afc122cbfc wpforms-render-modern\" id=\"wpforms-282\"><form id=\"wpforms-form-282\" class=\"wpforms-validate wpforms-form wpforms-ajax-form\" data-formid=\"282\" method=\"post\" enctype=\"multipart\/form-data\" action=\"\/index.php\/wp-json\/wp\/v2\/pages\/286\" data-token=\"576779bf26efbf8bacb8fc97af31751d\" data-token-time=\"1776438665\"><noscript class=\"wpforms-error-noscript\">Veuillez activer JavaScript dans votre navigateur pour remplir ce formulaire.<\/noscript><div id=\"wpforms-error-noscript\" style=\"display: none;\">Veuillez activer JavaScript dans votre navigateur pour remplir ce formulaire.<\/div><div class=\"wpforms-field-container\"><div id=\"wpforms-282-field_0-container\" class=\"wpforms-field wpforms-field-name\" data-field-id=\"0\"><fieldset><legend class=\"wpforms-field-label\">Nom <span class=\"wpforms-required-label\" aria-hidden=\"true\">*<\/span><\/legend><div class=\"wpforms-field-row wpforms-field-medium\"><div class=\"wpforms-field-row-block wpforms-first wpforms-one-half\"><input type=\"text\" id=\"wpforms-282-field_0\" class=\"wpforms-field-name-first wpforms-field-required\" name=\"wpforms[fields][0][first]\" aria-errormessage=\"wpforms-282-field_0-error\" required><label for=\"wpforms-282-field_0\" class=\"wpforms-field-sublabel after\">Pr\u00e9nom<\/label><\/div><div class=\"wpforms-field-row-block wpforms-one-half\"><input type=\"text\" id=\"wpforms-282-field_0-last\" class=\"wpforms-field-name-last wpforms-field-required\" name=\"wpforms[fields][0][last]\" aria-errormessage=\"wpforms-282-field_0-last-error\" required><label for=\"wpforms-282-field_0-last\" class=\"wpforms-field-sublabel after\">Nom<\/label><\/div><\/div><\/fieldset><\/div><div id=\"wpforms-282-field_1-container\" class=\"wpforms-field wpforms-field-email\" data-field-id=\"1\"><label class=\"wpforms-field-label\" for=\"wpforms-282-field_1\">Adresse d&#039;e-mail <span class=\"wpforms-required-label\" aria-hidden=\"true\">*<\/span><\/label><input type=\"email\" id=\"wpforms-282-field_1\" class=\"wpforms-field-medium wpforms-field-required\" name=\"wpforms[fields][1]\" spellcheck=\"false\" aria-errormessage=\"wpforms-282-field_1-error\" required><\/div><div id=\"wpforms-282-field_2-container\" class=\"wpforms-field wpforms-field-textarea\" data-field-id=\"2\"><label class=\"wpforms-field-label\" for=\"wpforms-282-field_2\">Message <span class=\"wpforms-required-label\" aria-hidden=\"true\">*<\/span><\/label><textarea id=\"wpforms-282-field_2\" class=\"wpforms-field-medium wpforms-field-required\" name=\"wpforms[fields][2]\" aria-errormessage=\"wpforms-282-field_2-error\" required><\/textarea><\/div><div id=\"wpforms-282-field_4-container\" class=\"wpforms-field wpforms-field-checkbox\" data-field-id=\"4\"><fieldset><legend class=\"wpforms-field-label\">Mention RGPD <span class=\"wpforms-required-label\" aria-hidden=\"true\">*<\/span><\/legend><ul id=\"wpforms-282-field_4\" class=\"wpforms-field-required\"><li class=\"choice-1 depth-1\"><input type=\"checkbox\" id=\"wpforms-282-field_4_1\" name=\"wpforms[fields][4][]\" value=\"En soumettant ce formulaire j\u2019accepte que ce site enregistre les informations que j&#039;ai fournies afin de pouvoir r\u00e9pondre \u00e0 ma demande.\" aria-errormessage=\"wpforms-282-field_4_1-error\" aria-describedby=\"wpforms-282-field_4-description\" required ><label class=\"wpforms-field-label-inline\" for=\"wpforms-282-field_4_1\">En soumettant ce formulaire j\u2019accepte que ce site enregistre les informations que j&rsquo;ai fournies afin de pouvoir r\u00e9pondre \u00e0 ma demande.<\/label><\/li><\/ul><div id=\"wpforms-282-field_4-description\" class=\"wpforms-field-description\">Les informations recueillies sur ce formulaire sont enregistr\u00e9es dans un fichier informatis\u00e9 par WEENCOO Group dans le but de recueil de donn\u00e9es. Elles sont conserv\u00e9es pendant une dur\u00e9e d\u2019un an et sont destin\u00e9es au service Client WEENCOO Group. Conform\u00e9ment \u00e0 la loi \u00abRGPD \u00bb, vous pouvez exercer votre droit d\u2019acc\u00e8s aux donn\u00e9es vous concernant et les faire rectifier en contactant l\u2019adresse e-mail : contact@weencoogroup.com. Pour conna\u00eetre et exercer vos droits, notamment de retrait de votre consentement \u00e0 l\u2019utilisation des donn\u00e9es collect\u00e9es par ce formulaire, veuillez consulter notre politique de confidentialit\u00e9 disponible ici : https:\/\/weencoo.com\/index.php\/politique-de-confidentialite\/ <\/div><\/fieldset><\/div><\/div><!-- .wpforms-field-container --><div class=\"wpforms-submit-container\" ><input type=\"hidden\" name=\"wpforms[id]\" value=\"282\"><input type=\"hidden\" name=\"page_title\" value=\"\"><input type=\"hidden\" name=\"page_url\" value=\"https:\/\/weencoo.com\/index.php\/wp-json\/wp\/v2\/pages\/286\"><input type=\"hidden\" name=\"url_referer\" value=\"\"><button type=\"submit\" name=\"wpforms[submit]\" id=\"wpforms-submit-282\" class=\"wpforms-submit\" data-alt-text=\"En cours d&#039;envoi...\" data-submit-text=\"Envoyer\" aria-live=\"assertive\" value=\"wpforms-submit\">Envoyer<\/button><img loading=\"lazy\" decoding=\"async\" src=\"https:\/\/weencoo.com\/wp-content\/plugins\/wpforms-lite\/assets\/images\/submit-spin.svg\" class=\"wpforms-submit-spinner\" style=\"display: none;\" width=\"26\" height=\"26\" alt=\"Chargement en cours\"><\/div><\/form><\/div>  <!-- .wpforms-container -->","protected":false},"excerpt":{"rendered":"","protected":false},"author":2,"featured_media":0,"parent":0,"menu_order":0,"comment_status":"closed","ping_status":"closed","template":"","meta":{"om_disable_all_campaigns":false,"_monsterinsights_skip_tracking":false,"_monsterinsights_sitenote_active":false,"_monsterinsights_sitenote_note":"","_monsterinsights_sitenote_category":0,"neve_meta_sidebar":"","neve_meta_container":"","neve_meta_enable_content_width":"","neve_meta_content_width":0,"neve_meta_title_alignment":"","neve_meta_author_avatar":"","neve_post_elements_order":"","neve_meta_disable_header":"","neve_meta_disable_footer":"","neve_meta_disable_title":"","footnotes":""},"class_list":["post-286","page","type-page","status-publish","hentry"],"aioseo_notices":[],"_links":{"self":[{"href":"https:\/\/weencoo.com\/index.php\/wp-json\/wp\/v2\/pages\/286","targetHints":{"allow":["GET"]}}],"collection":[{"href":"https:\/\/weencoo.com\/index.php\/wp-json\/wp\/v2\/pages"}],"about":[{"href":"https:\/\/weencoo.com\/index.php\/wp-json\/wp\/v2\/types\/page"}],"author":[{"embeddable":true,"href":"https:\/\/weencoo.com\/index.php\/wp-json\/wp\/v2\/users\/2"}],"replies":[{"embeddable":true,"href":"https:\/\/weencoo.com\/index.php\/wp-json\/wp\/v2\/comments?post=286"}],"version-history":[{"count":2,"href":"https:\/\/weencoo.com\/index.php\/wp-json\/wp\/v2\/pages\/286\/revisions"}],"predecessor-version":[{"id":295,"href":"https:\/\/weencoo.com\/index.php\/wp-json\/wp\/v2\/pages\/286\/revisions\/295"}],"wp:attachment":[{"href":"https:\/\/weencoo.com\/index.php\/wp-json\/wp\/v2\/media?parent=286"}],"curies":[{"name":"wp","href":"https:\/\/api.w.org\/{rel}","templated":true}]}}